{"id":2,"date":"2021-06-28T11:02:18","date_gmt":"2021-06-28T09:02:18","guid":{"rendered":"http:\/\/erynn.lu\/?page_id=2"},"modified":"2021-06-29T09:49:09","modified_gmt":"2021-06-29T07:49:09","slug":"page-d-exemple","status":"publish","type":"page","link":"https:\/\/www.erynn.lu\/","title":{"rendered":"L&#8217;automobile autrement&#8230;"},"content":{"rendered":"\n<p>L&#8217;automobile d&#8217;\u00e9poque et la technologie, oui pourquoi pas !<\/p>\n\n\n\n<p>Le patrimoine automobile est vaste, vari\u00e9 et tellement ancr\u00e9 dans nos souvenirs qu&#8217;il est important de le maintenir.<\/p>\n\n\n\n<p>Erynn s&#8217;est cherch\u00e9e longtemps avant de concentrer son activit\u00e9 sur cet h\u00e9ritage exclusif&#8230;<\/p>\n\n\n\n<p>D\u00e9veloppement technologique, d\u00e9ploiement et maintenance d&#8217;applications et solutions li\u00e9es au domaine automobile avec des applications de gestion d&#8217;atelier, gestion de client\u00e8le, association management, &#8230; Applications d\u00e9di\u00e9es au ClassicCars et ExclusiveCars.<\/p>\n\n\n\n<p>Recherche, assistance et mise \u00e0 disposition de v\u00e9hicules atypiques pour expositions, 7i\u00e8me art, \u00e9tudes techniques et design&#8230;<\/p>\n\n\n\n<p>Conception assist\u00e9e par ordinateur, scan 3D, reproduction et adaptation de pi\u00e8ces, conception et production \u00e0 l&#8217;unit\u00e9 via notre parc d&#8217;imprimantes 3D en SLA, SLC, PLA et ABS.<\/p>\n\n\n\n<p>Consultance technique et logistique en sport automobile (FIA regulations, GT3, GT4, EuroCup, &#8230;) incluant l&#8217;assistance et le support marketing.<\/p>\n\n\n\n<p>Assistance et accompagnement dans l&#8217;achat, la recherche, la location et la vente d&#8217;espaces publicitaires li\u00e9s au sport automobile.<\/p>\n\n\n\n<p>Comme nous le disions au d\u00e9but, il est possible de marier technologie et patrimoine automobile. La preuve ; Erynn le fait et vous accompagne !<\/p>\n","protected":false},"excerpt":{"rendered":"<p>L&#8217;automobile d&#8217;\u00e9poque et la technologie, oui pourquoi pas ! Le patrimoine automobile est vaste, vari\u00e9 et tellement ancr\u00e9 dans nos souvenirs qu&#8217;il est important de le maintenir. Erynn s&#8217;est cherch\u00e9e longtemps avant de concentrer son activit\u00e9 sur cet h\u00e9ritage exclusif&#8230; D\u00e9veloppement technologique, d\u00e9ploiement et maintenance d&#8217;applications et solutions li\u00e9es au domaine automobile avec des applications &hellip; <\/p>\n<p class=\"link-more\"><a href=\"https:\/\/www.erynn.lu\/\" class=\"more-link\">Continue reading<span class=\"screen-reader-text\"> &#8220;L&#8217;automobile autrement&#8230;&#8221;<\/span><\/a><\/p>\n","protected":false},"author":1,"featured_media":0,"parent":0,"menu_order":0,"comment_status":"closed","ping_status":"open","template":"","meta":{"footnotes":""},"class_list":["post-2","page","type-page","status-publish","hentry"],"_links":{"self":[{"href":"https:\/\/www.erynn.lu\/index.php\/wp-json\/wp\/v2\/pages\/2","targetHints":{"allow":["GET"]}}],"collection":[{"href":"https:\/\/www.erynn.lu\/index.php\/wp-json\/wp\/v2\/pages"}],"about":[{"href":"https:\/\/www.erynn.lu\/index.php\/wp-json\/wp\/v2\/types\/page"}],"author":[{"embeddable":true,"href":"https:\/\/www.erynn.lu\/index.php\/wp-json\/wp\/v2\/users\/1"}],"replies":[{"embeddable":true,"href":"https:\/\/www.erynn.lu\/index.php\/wp-json\/wp\/v2\/comments?post=2"}],"version-history":[{"count":3,"href":"https:\/\/www.erynn.lu\/index.php\/wp-json\/wp\/v2\/pages\/2\/revisions"}],"predecessor-version":[{"id":39,"href":"https:\/\/www.erynn.lu\/index.php\/wp-json\/wp\/v2\/pages\/2\/revisions\/39"}],"wp:attachment":[{"href":"https:\/\/www.erynn.lu\/index.php\/wp-json\/wp\/v2\/media?parent=2"}],"curies":[{"name":"wp","href":"https:\/\/api.w.org\/{rel}","templated":true}]}}